{"id":14230,"date":"2023-07-02T17:15:11","date_gmt":"2023-07-02T15:15:11","guid":{"rendered":"https:\/\/druck-kultur.de\/lager\/?page_id=14230"},"modified":"2023-10-11T18:45:31","modified_gmt":"2023-10-11T16:45:31","slug":"home","status":"publish","type":"page","link":"https:\/\/druck-kultur.de\/lager\/","title":{"rendered":"Home"},"content":{"rendered":"\t\t<div data-elementor-type=\"wp-page\" data-elementor-id=\"14230\" class=\"elementor elementor-14230\" data-elementor-post-type=\"page\">\n\t\t\t\t\t\t<section class=\"elementor-section elementor-top-section elementor-element elementor-element-ab51721 elementor-section-boxed elementor-section-height-default elementor-section-height-default\" data-id=\"ab51721\" data-element_type=\"section\">\n\t\t\t\t\t\t<div class=\"elementor-container elementor-column-gap-default\">\n\t\t\t\t\t<div class=\"elementor-column elementor-col-100 elementor-top-column elementor-element elementor-element-b2c3cdc\" data-id=\"b2c3cdc\" data-element_type=\"column\">\n\t\t\t<div class=\"elementor-widget-wrap elementor-element-populated\">\n\t\t\t\t\t\t<div class=\"elementor-element elementor-element-f2e0ec3 elementor-widget elementor-widget-spacer\" data-id=\"f2e0ec3\" data-element_type=\"widget\" data-widget_type=\"spacer.default\">\n\t\t\t\t<div class=\"elementor-widget-container\">\n\t\t\t\t\t\t\t<div class=\"elementor-spacer\">\n\t\t\t<div class=\"elementor-spacer-inner\"><\/div>\n\t\t<\/div>\n\t\t\t\t\t\t<\/div>\n\t\t\t\t<\/div>\n\t\t\t\t<div class=\"elementor-element elementor-element-acd096a elementor-widget elementor-widget-heading\" data-id=\"acd096a\" data-element_type=\"widget\" data-widget_type=\"heading.default\">\n\t\t\t\t<div class=\"elementor-widget-container\">\n\t\t\t\t\t<h2 class=\"elementor-heading-title elementor-size-default\">Herzlich willkommen beim Druck-Kultur Kundenlager und Fulfillment-Portal!<\/h2>\t\t\t\t<\/div>\n\t\t\t\t<\/div>\n\t\t\t\t<div class=\"elementor-element elementor-element-b53100b elementor-widget elementor-widget-text-editor\" data-id=\"b53100b\" data-element_type=\"widget\" data-widget_type=\"text-editor.default\">\n\t\t\t\t<div class=\"elementor-widget-container\">\n\t\t\t\t\t\t\t\t\t<p><\/p>\n<p>Bitte beachten Sie, dass unser Online-Service exklusiv f\u00fcr unsere registrierten Bestandskunden zur Verf\u00fcgung steht. Wenn Sie bereits ein Lager-Kunde bei uns sind, k\u00f6nnen Sie sich mit Ihren Zugangsdaten anmelden und Ihren Lagerbestand einsehen, Bestellungen f\u00fcr den internationalen Versand t\u00e4tigen und vieles mehr.<\/p>\n<p>Sind Sie noch kein Kunde, aber interessiert an unseren erstklassigen Services? Dann z\u00f6gern Sie nicht, sich mit uns in Verbindung zu setzen! Unser engagiertes Team steht Ihnen gerne zur Verf\u00fcgung, um Ihre Fragen zu beantworten und Ihnen weitere Informationen zu unserem umfangreichen Angebot zu geben.<\/p>\n<p>Wir freuen uns darauf, Ihnen mit unserem Fulfillment-Service und unserer Online-Lagerverwaltung h\u00f6chste Effizienz und erstklassige L\u00f6sungen bieten zu k\u00f6nnen.<\/p>\n<p>Kontaktieren Sie uns noch heute und erleben Sie die Druck-kultur-Differenz!<\/p>\n<p>Ihr DRUCK-Kultur-Team<\/p>\t\t\t\t\t\t\t\t<\/div>\n\t\t\t\t<\/div>\n\t\t\t\t\t<\/div>\n\t\t<\/div>\n\t\t\t\t\t<\/div>\n\t\t<\/section>\n\t\t\t\t<\/div>\n\t\t","protected":false},"excerpt":{"rendered":"<p>Herzlich willkommen beim Druck-Kultur Kundenlager und Fulfillment-Portal! Bitte beachten Sie, dass unser Online-Service exklusiv f\u00fcr unsere registrierten Bestandskunden zur Verf\u00fcgung steht. Wenn Sie bereits ein Lager-Kunde bei uns sind, k\u00f6nnen Sie sich mit Ihren Zugangsdaten anmelden und Ihren Lagerbestand einsehen, Bestellungen f\u00fcr den internationalen Versand t\u00e4tigen und vieles mehr. Sind Sie noch kein Kunde, aber [&hellip;]<\/p>\n","protected":false},"author":3,"featured_media":0,"parent":0,"menu_order":0,"comment_status":"closed","ping_status":"closed","template":"","meta":{"_acf_changed":false,"footnotes":""},"class_list":["post-14230","page","type-page","status-publish","hentry"],"acf":[],"_links":{"self":[{"href":"https:\/\/druck-kultur.de\/lager\/wp-json\/wp\/v2\/pages\/14230","targetHints":{"allow":["GET"]}}],"collection":[{"href":"https:\/\/druck-kultur.de\/lager\/wp-json\/wp\/v2\/pages"}],"about":[{"href":"https:\/\/druck-kultur.de\/lager\/wp-json\/wp\/v2\/types\/page"}],"author":[{"embeddable":true,"href":"https:\/\/druck-kultur.de\/lager\/wp-json\/wp\/v2\/users\/3"}],"replies":[{"embeddable":true,"href":"https:\/\/druck-kultur.de\/lager\/wp-json\/wp\/v2\/comments?post=14230"}],"version-history":[{"count":0,"href":"https:\/\/druck-kultur.de\/lager\/wp-json\/wp\/v2\/pages\/14230\/revisions"}],"wp:attachment":[{"href":"https:\/\/druck-kultur.de\/lager\/wp-json\/wp\/v2\/media?parent=14230"}],"curies":[{"name":"wp","href":"https:\/\/api.w.org\/{rel}","templated":true}]}}