{"id":2595,"date":"2018-05-03T11:20:48","date_gmt":"2018-05-03T09:20:48","guid":{"rendered":"https:\/\/www.druck-kultur.de\/impressum\/"},"modified":"2023-03-31T09:45:05","modified_gmt":"2023-03-31T07:45:05","slug":"impressum","status":"publish","type":"page","link":"https:\/\/druck-kultur.de\/lager\/impressum\/","title":{"rendered":"Impressum"},"content":{"rendered":"<p>Angaben gem\u00e4\u00df \u00a7 5 DDG<\/p><p>DRUCK-Kultur GmbH<br \/>Danny Weinert &amp; Peter Gr&ouml;&szlig;l<br \/>Osterfeldstra&szlig;e 90<br \/>85737 Ismaning<br \/>Deutschland<br \/><\/p><p><b>Vertreten durch:<\/b> Danny Weinert &amp; Peter Gr&ouml;&szlig;l<br \/><\/p><p><b>Kontakt:<\/b><br\/>Telefon: +49 (0)89 68 99 80 0<br\/>E-Mail: <span style=\"display: none !important;\">2SzmTMAjftG6tBG<\/span>info<span style=\"display: none !important;\">PJAUapdXvdPT7sQ<\/span>@<span style=\"display: none !important;\">HMimZ5eGOrHQiER<\/span>druck-kultur.de<span style=\"display: none !important;\">AkHPhMEWWUHZu1G<\/span><br\/><\/p><p><b>Registereintrag:<\/b><br\/>Registergericht: M&uuml;nchen<br\/>Registernummer: B 182 551<br\/><\/p><p><b>Umsatzsteuer-ID:<\/b> DE267949981<\/p><p><b>Haftungsausschluss<\/b><\/p><p><b>Haftung f\u00fcr Links:<\/b><br \/>Unser Angebot enth\u00e4lt Links zu externen Webseiten Dritter, auf deren Inhalte wir keinen Einfluss haben. Deshalb k\u00f6nnen wir f\u00fcr diese fremden Inhalte auch keine Gew\u00e4hr \u00fcbernehmen. F\u00fcr die Inhalte der verlinkten Seiten ist stets der jeweilige Anbieter oder Betreiber der Seiten verantwortlich. Die verlinkten Seiten wurden zum Zeitpunkt der Verlinkung auf m\u00f6gliche Rechtsverst\u00f6\u00dfe \u00fcberpr\u00fcft. Rechtswidrige Inhalte waren zum Zeitpunkt der Verlinkung nicht erkennbar. Eine permanente inhaltliche Kontrolle der verlinkten Seiten ist jedoch ohne konkrete Anhaltspunkte einer Rechtsverletzung nicht zumutbar. Bei Bekanntwerden von Rechtsverletzungen werden wir derartige Links umgehend entfernen.<\/p><p><b>Haftung f\u00fcr Inhalt:<\/b><br \/>Die Inhalte unserer Seiten wurden mit gr\u00f6\u00dfter Sorgfalt erstellt. F\u00fcr die Richtigkeit, Vollst\u00e4ndigkeit und Aktualit\u00e4t der Inhalte k\u00f6nnen wir jedoch keine Gew\u00e4hr \u00fcbernehmen. Als Diensteanbieter sind wir f\u00fcr eigene Inhalte auf diesen Seiten nach den allgemeinen Gesetzen verantwortlich. Wir sind als Diensteanbieter jedoch nicht verpflichtet, \u00fcbermittelte oder gespeicherte fremde Informationen zu \u00fcberwachen oder nach Umst\u00e4nden zu forschen, die auf eine rechtswidrige T\u00e4tigkeit hinweisen. Verpflichtungen zur Entfernung oder Sperrung der Nutzung von Informationen nach den allgemeinen Gesetzen bleiben hiervon unber\u00fchrt. Eine diesbez\u00fcgliche Haftung ist jedoch erst ab dem Zeitpunkt der Kenntnis einer konkreten Rechtsverletzung m\u00f6glich. Bei Bekanntwerden von entsprechenden Rechtsverletzungen werden wir diese Inhalte umgehend entfernen.<\/p><p><b>Urheberrecht<\/b><br \/>Die durch die Seitenbetreiber erstellten Inhalte und Werke auf diesen Seiten unterliegen dem deutschen Urheberrecht. Die Vervielf\u00e4ltigung, Bearbeitung, Verbreitung und jede Art der Verwertung au\u00dferhalb der Grenzen des Urheberrechtes bed\u00fcrfen der schriftlichen Zustimmung des jeweiligen Autors bzw. Erstellers. Downloads und Kopien dieser Seite sind nur f\u00fcr den privaten, nicht kommerziellen Gebrauch gestattet. Soweit die Inhalte auf dieser Seite nicht vom Betreiber erstellt wurden, werden die Urheberrechte Dritter beachtet. Insbesondere werden Inhalte Dritter als solche gekennzeichnet. Sollten Sie trotzdem auf eine Urheberrechtsverletzung aufmerksam werden, bitten wir um einen entsprechenden Hinweis. Bei Bekanntwerden von Rechtsverletzungen werden wir derartige Inhalte umgehend entfernen.<\/p><p>Bilder: Timo Bierbaum (<a href=\"http:\/\/www.timobierbaum.com\/\" target=\"_blank\" rel=\"noopener\">www.timobierbaum.com<\/a>);\u00a0iStockphoto; Druck-Kultur GmbH<\/p>\n\n<p>Impressum<br \/>\nAngaben gem\u00e4\u00df \u00a7 5 TMG:<br \/>\nDruck-Kultur GmbH<br \/>\nDruckerei und Lettershop<br \/>\nOsterfeldstra\u00dfe 90<br \/>\n85737 Ismaning<\/p>\n<p>Vertreten durch:<br \/>\nPeter Gr\u00f6\u00dfl, Danny Weinert<\/p>\n<p>Kontakt<br \/>\nTelefon: +49 (0)89-689980-0<br \/>\nTelefax: +49 (0)89-689980-21<br \/>\nE-Mail: info@druck-kultur.de<\/p>\n<p>Registereintrag<br \/>\nEintragung im Handelsregister.<br \/>\nRegistergericht: Amtsgericht M\u00fcnchen<br \/>\nRegisternummer: HRB 182551<br \/>\nUmsatzsteuer<br \/>\nUmsatzsteuer-Identifikationsnummer gem\u00e4\u00df \u00a727 a Umsatzsteuergesetz:<br \/>\nDE 267949981<br \/>\nStreitschlichtung<br \/>\nDie Europ\u00e4ische Kommission stellt eine Plattform zur Online-Streitbeilegung (OS) bereit: https:\/\/ec.europa.eu\/consumers\/odr.<br \/>\nUnsere E-Mail-Adresse finden Sie oben im Impressum.<br \/>\nWir sind nicht bereit oder verpflichtet, an Streitbeilegungsverfahren vor einer Verbraucherschlichtungsstelle teilzunehmen.<\/p>\n<p>Gesch\u00e4ftsbedingungen <a href=\"https:\/\/druck-kultur.de\/lager\/lager\/agb\/\">AGB<\/a><\/p>\n<p>Sonstige Hinweise<\/p>\n<p>Haftung f\u00fcr Inhalte<br \/>\nAls Diensteanbieter sind wir gem\u00e4\u00df \u00a7 7 Abs.1 TMG f\u00fcr eigene Inhalte auf diesen Seiten nach den allgemeinen Gesetzen verantwortlich. Nach \u00a7\u00a7 8 bis 10 TMG sind wir als Diensteanbieter jedoch nicht verpflichtet, \u00fcbermittelte oder gespeicherte fremde Informationen zu \u00fcberwachen oder nach Umst\u00e4nden zu forschen, die auf eine rechtswidrige T\u00e4tigkeit hinweisen.<br \/>\nVerpflichtungen zur Entfernung oder Sperrung der Nutzung von Informationen nach den allgemeinen Gesetzen bleiben hiervon unber\u00fchrt. Eine diesbez\u00fcgliche Haftung ist jedoch erst ab dem Zeitpunkt der Kenntnis einer konkreten Rechtsverletzung m\u00f6glich. Bei Bekanntwerden von entsprechenden Rechtsverletzungen werden wir diese Inhalte umgehend entfernen.<br \/>\nHaftung f\u00fcr Links<br \/>\nUnser Angebot enth\u00e4lt Links zu externen Websites Dritter, auf deren Inhalte wir keinen Einfluss haben. Deshalb k\u00f6nnen wir f\u00fcr diese fremden Inhalte auch keine Gew\u00e4hr \u00fcbernehmen. F\u00fcr die Inhalte der verlinkten Seiten ist stets der jeweilige Anbieter oder Betreiber der Seiten verantwortlich. Die verlinkten Seiten wurden zum Zeitpunkt der Verlinkung auf m\u00f6gliche Rechtsverst\u00f6\u00dfe \u00fcberpr\u00fcft. Rechtswidrige Inhalte waren zum Zeitpunkt der Verlinkung nicht erkennbar.<br \/>\nEine permanente inhaltliche Kontrolle der verlinkten Seiten ist jedoch ohne konkrete Anhaltspunkte einer Rechtsverletzung nicht zumutbar. Bei Bekanntwerden von Rechtsverletzungen werden wir derartige Links umgehend entfernen.<br \/>\nUrheberrecht<br \/>\nDie durch die Seitenbetreiber erstellten Inhalte und Werke auf diesen Seiten unterliegen dem deutschen Urheberrecht. Die Vervielf\u00e4ltigung, Bearbeitung, Verbreitung und jede Art der Verwertung au\u00dferhalb der Grenzen des Urheberrechtes bed\u00fcrfen der schriftlichen Zustimmung des jeweiligen Autors bzw. Erstellers. Downloads und Kopien dieser Seite sind nur f\u00fcr den privaten, nicht kommerziellen Gebrauch gestattet.<br \/>\nSoweit die Inhalte auf dieser Seite nicht vom Betreiber erstellt wurden, werden die Urheberrechte Dritter beachtet. Insbesondere werden Inhalte Dritter als solche gekennzeichnet. Sollten Sie trotzdem auf eine Urheberrechtsverletzung aufmerksam werden, bitten wir um einen entsprechenden Hinweis. Bei Bekanntwerden von Rechtsverletzungen werden wir derartige Inhalte umgehend entfernen.<\/p>\n<p>Kontakt zum Webmaster<br \/>\nFragen und Anregungen rund um diese Website der Druck-Kultur GmbH richten Sie bitte an den Webmaster.<\/p>\n<p>Webdesign, Konzept &amp; Text<br \/>\nDruck-Kultur GmbH<br \/>\nPowered by WordPress and ENFOLD<\/p>\n<p>Bilder: Timo Bierbaum (<a href=\"http:\/\/www.timobierbaum.com\" target=\"_blank\" rel=\"noopener\">www.timobierbaum.com<\/a>);\u00a0iStockphoto; Druck-Kultur GmbH<\/p>\n<p>Foto Adobe Stock: <span class=\"grey gravel-text\" data-t=\"detail-panel-content-author-by-label\"><br \/>\n<\/span><span class=\"blue science-text\" data-t=\"detail-panel-content-author-name\"><a class=\"blue science-text js-contributor-link\" href=\"https:\/\/stock.adobe.com\/de\/contributor\/200443522\/kzenon?load_type=author&amp;prev_url=detail\" data-ingest-clicktype=\"details-contributor-link\">Kzenon<\/a><br \/>\n<a class=\"blue science-text js-contributor-link\" href=\"https:\/\/stock.adobe.com\/de\/contributor\/203739489\/v-poth?load_type=author&amp;prev_url=detail\" data-ingest-clicktype=\"details-contributor-link\">v.poth<\/a><br \/>\n<a class=\"blue science-text js-contributor-link\" href=\"https:\/\/stock.adobe.com\/de\/contributor\/202972026\/magele-picture?load_type=author&amp;prev_url=detail\" data-ingest-clicktype=\"details-contributor-link\">magele-picture<\/a><br \/>\n<a class=\"blue science-text js-contributor-link\" href=\"https:\/\/stock.adobe.com\/de\/contributor\/207223\/vrd?load_type=author&amp;prev_url=detail\" data-ingest-clicktype=\"details-contributor-link\">VRD<\/a><br \/>\n<a class=\"blue science-text js-contributor-link\" href=\"https:\/\/stock.adobe.com\/de\/contributor\/202274212\/cirquedesprit?load_type=author&amp;prev_url=detail\" data-ingest-clicktype=\"details-contributor-link\">cirquedesprit<\/a><br \/>\n<\/span><a class=\"blue science-text js-contributor-link\" href=\"https:\/\/stock.adobe.com\/de\/contributor\/201093960\/wiski?load_type=author&amp;prev_url=detail\" data-ingest-clicktype=\"details-contributor-link\">Wiski<\/a><br \/>\n<span class=\"blue science-text\" data-t=\"detail-panel-content-author-name\"><a class=\"blue science-text js-contributor-link\" href=\"https:\/\/stock.adobe.com\/de\/contributor\/201114690\/alterfalter?load_type=author&amp;prev_url=detail\" data-ingest-clicktype=\"details-contributor-link\">Alterfalter<\/a><br \/>\n<\/span><a class=\"blue science-text js-contributor-link\" href=\"https:\/\/stock.adobe.com\/de\/contributor\/98318\/goss-vitalij?load_type=author&amp;prev_url=detail\" data-ingest-clicktype=\"details-contributor-link\">Goss Vitalij<\/a><\/p>\n<div class=\"woocommerce woocommerce-gzd woocommerce-gzd-complaints-shortcode\">\n\t\t\t<h3>Alternative Streitbeilegung gem\u00e4\u00df Art. 14 Abs. 1 ODR-VO und \u00a7 36 VSBG:<\/h3>\n\t\nZur Teilnahme an einem Streitbeilegungsverfahren vor einer Verbraucherschlichtungsstelle sind wir nicht verpflichtet und nicht bereit.<\/div>\n","protected":false},"excerpt":{"rendered":"<p>Impressum Angaben gem\u00e4\u00df \u00a7 5 TMG: Druck-Kultur GmbH Druckerei und Lettershop Osterfeldstra\u00dfe 90 85737 Ismaning Vertreten durch: Peter Gr\u00f6\u00dfl, Danny Weinert Kontakt Telefon: +49 (0)89-689980-0 Telefax: +49 (0)89-689980-21 E-Mail: info@druck-kultur.de Registereintrag Eintragung im Handelsregister. Registergericht: Amtsgericht M\u00fcnchen Registernummer: HRB 182551 Umsatzsteuer Umsatzsteuer-Identifikationsnummer gem\u00e4\u00df \u00a727 a Umsatzsteuergesetz: DE 267949981 Streitschlichtung Die Europ\u00e4ische Kommission stellt eine Plattform [&hellip;]<\/p>\n","protected":false},"author":3,"featured_media":0,"parent":0,"menu_order":0,"comment_status":"closed","ping_status":"closed","template":"","meta":{"_acf_changed":false,"footnotes":""},"class_list":["post-2595","page","type-page","status-publish","hentry"],"acf":[],"_links":{"self":[{"href":"https:\/\/druck-kultur.de\/lager\/wp-json\/wp\/v2\/pages\/2595","targetHints":{"allow":["GET"]}}],"collection":[{"href":"https:\/\/druck-kultur.de\/lager\/wp-json\/wp\/v2\/pages"}],"about":[{"href":"https:\/\/druck-kultur.de\/lager\/wp-json\/wp\/v2\/types\/page"}],"author":[{"embeddable":true,"href":"https:\/\/druck-kultur.de\/lager\/wp-json\/wp\/v2\/users\/3"}],"replies":[{"embeddable":true,"href":"https:\/\/druck-kultur.de\/lager\/wp-json\/wp\/v2\/comments?post=2595"}],"version-history":[{"count":0,"href":"https:\/\/druck-kultur.de\/lager\/wp-json\/wp\/v2\/pages\/2595\/revisions"}],"wp:attachment":[{"href":"https:\/\/druck-kultur.de\/lager\/wp-json\/wp\/v2\/media?parent=2595"}],"curies":[{"name":"wp","href":"https:\/\/api.w.org\/{rel}","templated":true}]}}